{"id":730,"date":"2020-01-19T18:52:45","date_gmt":"2020-01-19T17:52:45","guid":{"rendered":"https:\/\/www.bmtr24.com\/?page_id=730"},"modified":"2020-01-21T17:29:48","modified_gmt":"2020-01-21T16:29:48","slug":"vertrieb","status":"publish","type":"page","link":"https:\/\/www.bmtr24.com\/en\/sales\/","title":{"rendered":"Sales"},"content":{"rendered":"<div id=\"pl-730\"  class=\"panel-layout\" ><div id=\"pg-730-0\"  class=\"panel-grid panel-no-style\" ><div id=\"pgc-730-0-0\"  class=\"panel-grid-cell\" ><div id=\"panel-730-0-0-0\" class=\"so-panel widget widget_sow-headline panel-first-child panel-last-child\" data-index=\"0\" ><div\n\t\t\t\n\t\t\tclass=\"so-widget-sow-headline so-widget-sow-headline-default-eb58c90b4a68-730\"\n\t\t\t\n\t\t><div class=\"sow-headline-container \">\n\t<h2 class='sow-headline'>We can supply precisely what you need!<\/h2>\t\t\t\t\t<div class=\"decoration\">\n\t\t\t\t\t\t<div class=\"decoration-inside\"><\/div>\n\t\t\t\t\t<\/div>\n\t\t\t\t\t<\/div>\n<\/div><\/div><\/div><\/div><div id=\"pg-730-1\"  class=\"panel-grid panel-no-style\" ><div id=\"pgc-730-1-0\"  class=\"panel-grid-cell\" ><div id=\"panel-730-1-0-0\" class=\"so-panel widget widget_sow-editor panel-first-child panel-last-child\" data-index=\"1\" ><div\n\t\t\t\n\t\t\tclass=\"so-widget-sow-editor so-widget-sow-editor-base\"\n\t\t\t\n\t\t>\n<div class=\"siteorigin-widget-tinymce textwidget\">\n\t<p><strong>\u201eProcurement issues are a matter of trust!\u201c<\/strong><\/p>\n<p>It is important to us that we are able to enjoy your trust.<\/p>\n<p>We will deliver all the medical equipment and disposables you need, as well as any other services you require for your medical facility.<\/p>\n<p><strong>Here is just a selection:<\/strong><\/p>\n<ul>\n<li>Equipment for the doctor's office<\/li>\n<li>Medical disposables<\/li>\n<li>Prescription invoicing<\/li>\n<\/ul>\n<p><strong>We can also provide the following services:<\/strong><\/p>\n<ul>\n<li>General practice planning and equipment<\/li>\n<li>Expert advice on the procurement of new medical equipment and the necessary training<\/li>\n<li>professional disposal of obsolete equipment<\/li>\n<\/ul>\n<\/div>\n<\/div><\/div><\/div><div id=\"pgc-730-1-1\"  class=\"panel-grid-cell\" ><div id=\"panel-730-1-1-0\" class=\"so-panel widget widget_sow-image panel-first-child panel-last-child\" data-index=\"2\" ><div\n\t\t\t\n\t\t\tclass=\"so-widget-sow-image so-widget-sow-image-default-8b5b6f678277-730\"\n\t\t\t\n\t\t>\n\n<div class=\"sow-image-container\">\n\t\t<img src=\"https:\/\/www.bmtr24.com\/wp-content\/uploads\/krankenschwester-laechelt-2.jpg\" width=\"800\" height=\"607\" srcset=\"https:\/\/www.bmtr24.com\/wp-content\/uploads\/krankenschwester-laechelt-2.jpg 800w, https:\/\/www.bmtr24.com\/wp-content\/uploads\/krankenschwester-laechelt-2-300x228.jpg 300w, https:\/\/www.bmtr24.com\/wp-content\/uploads\/krankenschwester-laechelt-2-768x583.jpg 768w\" sizes=\"(max-width: 800px) 100vw, 800px\" alt=\"l\u00e4chelnde Krankenschwester in Behandlungsraum\" loading=\"lazy\" \t\tclass=\"so-widget-image\"\/>\n\t<\/div>\n\n<\/div><\/div><\/div><\/div><div id=\"pg-730-2\"  class=\"panel-grid panel-no-style\" ><div id=\"pgc-730-2-0\"  class=\"panel-grid-cell\" ><div id=\"panel-730-2-0-0\" class=\"so-panel widget widget_sow-headline panel-first-child panel-last-child\" data-index=\"3\" ><div\n\t\t\t\n\t\t\tclass=\"so-widget-sow-headline so-widget-sow-headline-default-f962e7c638aa-730\"\n\t\t\t\n\t\t><div class=\"sow-headline-container \">\n\t<h3 class='sow-headline'>First-rate services from a single source!<\/h3><h4 class='sow-sub-headline'>If you would like more details about anything we haven\u2019t covered here, please don\u2019t hesitate to get in touch.<\/h4><\/div>\n<\/div><\/div><\/div><\/div><\/div>","protected":false},"excerpt":{"rendered":"<p>\u201eProcurement issues are a matter of trust!\u201c It is important to us that we are able to enjoy your trust. [&hellip;]<\/p>\n","protected":false},"author":1,"featured_media":0,"parent":0,"menu_order":30,"comment_status":"closed","ping_status":"closed","template":"","meta":{"footnotes":""},"yoast_head":"<!-- This site is optimized with the Yoast SEO plugin v20.13 - https:\/\/yoast.com\/wordpress\/plugins\/seo\/ -->\n<title>Praxis- und Sprechstundenbedarf, medizinisches Verbrauchsmaterial ...<\/title>\n<meta name=\"description\" content=\"Sie erhalten von uns Ihr Verbrauchsmaterial in der von Ihnen gew\u00fcnschten Qualit\u00e4t, als auch alle anderen f\u00fcr Ihre medizinische Einrichtung Bedarfsartikel.\" \/>\n<meta name=\"robots\" content=\"index, follow, max-snippet:-1, max-image-preview:large, max-video-preview:-1\" \/>\n<link rel=\"canonical\" href=\"https:\/\/www.bmtr24.com\/vertrieb\/\" \/>\n<meta property=\"og:locale\" content=\"en_US\" \/>\n<meta property=\"og:type\" content=\"article\" \/>\n<meta property=\"og:title\" content=\"Praxis- und Sprechstundenbedarf, medizinisches Verbrauchsmaterial ...\" \/>\n<meta property=\"og:description\" content=\"Sie erhalten von uns Ihr Verbrauchsmaterial in der von Ihnen gew\u00fcnschten Qualit\u00e4t, als auch alle anderen f\u00fcr Ihre medizinische Einrichtung Bedarfsartikel.\" \/>\n<meta property=\"og:url\" content=\"https:\/\/www.bmtr24.com\/vertrieb\/\" \/>\n<meta property=\"og:site_name\" content=\"Biomedizinische Technik Rostock GmbH\" \/>\n<meta property=\"article:modified_time\" content=\"2020-01-21T16:29:48+00:00\" \/>\n<meta name=\"twitter:card\" content=\"summary_large_image\" \/>\n<meta name=\"twitter:label1\" content=\"Est. reading time\" \/>\n\t<meta name=\"twitter:data1\" content=\"1 minute\" \/>\n<script type=\"application\/ld+json\" class=\"yoast-schema-graph\">{\"@context\":\"https:\/\/schema.org\",\"@graph\":[{\"@type\":\"WebPage\",\"@id\":\"https:\/\/www.bmtr24.com\/vertrieb\/\",\"url\":\"https:\/\/www.bmtr24.com\/vertrieb\/\",\"name\":\"Praxis- und Sprechstundenbedarf, medizinisches Verbrauchsmaterial ...\",\"isPartOf\":{\"@id\":\"https:\/\/www.bmtr24.com\/#website\"},\"datePublished\":\"2020-01-19T17:52:45+00:00\",\"dateModified\":\"2020-01-21T16:29:48+00:00\",\"description\":\"Sie erhalten von uns Ihr Verbrauchsmaterial in der von Ihnen gew\u00fcnschten Qualit\u00e4t, als auch alle anderen f\u00fcr Ihre medizinische Einrichtung Bedarfsartikel.\",\"breadcrumb\":{\"@id\":\"https:\/\/www.bmtr24.com\/vertrieb\/#breadcrumb\"},\"inLanguage\":\"en-US\",\"potentialAction\":[{\"@type\":\"ReadAction\",\"target\":[\"https:\/\/www.bmtr24.com\/vertrieb\/\"]}]},{\"@type\":\"BreadcrumbList\",\"@id\":\"https:\/\/www.bmtr24.com\/vertrieb\/#breadcrumb\",\"itemListElement\":[{\"@type\":\"ListItem\",\"position\":1,\"name\":\"Startseite\",\"item\":\"https:\/\/www.bmtr24.com\/\"},{\"@type\":\"ListItem\",\"position\":2,\"name\":\"Vertrieb\"}]},{\"@type\":\"WebSite\",\"@id\":\"https:\/\/www.bmtr24.com\/#website\",\"url\":\"https:\/\/www.bmtr24.com\/\",\"name\":\"Biomedizinische Technik Rostock GmbH\",\"description\":\"Praxis- und Sprechstundenbedarf, Medizintechnik - Service und Vertrieb, Praxisplanung und -Einrichtung\",\"publisher\":{\"@id\":\"https:\/\/www.bmtr24.com\/#organization\"},\"potentialAction\":[{\"@type\":\"SearchAction\",\"target\":{\"@type\":\"EntryPoint\",\"urlTemplate\":\"https:\/\/www.bmtr24.com\/?s={search_term_string}\"},\"query-input\":\"required name=search_term_string\"}],\"inLanguage\":\"en-US\"},{\"@type\":\"Organization\",\"@id\":\"https:\/\/www.bmtr24.com\/#organization\",\"name\":\"Biomedizinische Technik Rostock GmbH\",\"url\":\"https:\/\/www.bmtr24.com\/\",\"logo\":{\"@type\":\"ImageObject\",\"inLanguage\":\"en-US\",\"@id\":\"https:\/\/www.bmtr24.com\/#\/schema\/logo\/image\/\",\"url\":\"https:\/\/www.bmtr24.com\/wp-content\/uploads\/bmtr24-logo.png\",\"contentUrl\":\"https:\/\/www.bmtr24.com\/wp-content\/uploads\/bmtr24-logo.png\",\"width\":160,\"height\":58,\"caption\":\"Biomedizinische Technik Rostock GmbH\"},\"image\":{\"@id\":\"https:\/\/www.bmtr24.com\/#\/schema\/logo\/image\/\"}}]}<\/script>\n<!-- \/ Yoast SEO plugin. -->","yoast_head_json":{"title":"Praxis- und Sprechstundenbedarf, medizinisches Verbrauchsmaterial ...","description":"Sie erhalten von uns Ihr Verbrauchsmaterial in der von Ihnen gew\u00fcnschten Qualit\u00e4t, als auch alle anderen f\u00fcr Ihre medizinische Einrichtung Bedarfsartikel.","robots":{"index":"index","follow":"follow","max-snippet":"max-snippet:-1","max-image-preview":"max-image-preview:large","max-video-preview":"max-video-preview:-1"},"canonical":"https:\/\/www.bmtr24.com\/vertrieb\/","og_locale":"en_US","og_type":"article","og_title":"Praxis- und Sprechstundenbedarf, medizinisches Verbrauchsmaterial ...","og_description":"Sie erhalten von uns Ihr Verbrauchsmaterial in der von Ihnen gew\u00fcnschten Qualit\u00e4t, als auch alle anderen f\u00fcr Ihre medizinische Einrichtung Bedarfsartikel.","og_url":"https:\/\/www.bmtr24.com\/vertrieb\/","og_site_name":"Biomedizinische Technik Rostock GmbH","article_modified_time":"2020-01-21T16:29:48+00:00","twitter_card":"summary_large_image","twitter_misc":{"Est. reading time":"1 minute"},"schema":{"@context":"https:\/\/schema.org","@graph":[{"@type":"WebPage","@id":"https:\/\/www.bmtr24.com\/vertrieb\/","url":"https:\/\/www.bmtr24.com\/vertrieb\/","name":"Praxis- und Sprechstundenbedarf, medizinisches Verbrauchsmaterial ...","isPartOf":{"@id":"https:\/\/www.bmtr24.com\/#website"},"datePublished":"2020-01-19T17:52:45+00:00","dateModified":"2020-01-21T16:29:48+00:00","description":"Sie erhalten von uns Ihr Verbrauchsmaterial in der von Ihnen gew\u00fcnschten Qualit\u00e4t, als auch alle anderen f\u00fcr Ihre medizinische Einrichtung Bedarfsartikel.","breadcrumb":{"@id":"https:\/\/www.bmtr24.com\/vertrieb\/#breadcrumb"},"inLanguage":"en-US","potentialAction":[{"@type":"ReadAction","target":["https:\/\/www.bmtr24.com\/vertrieb\/"]}]},{"@type":"BreadcrumbList","@id":"https:\/\/www.bmtr24.com\/vertrieb\/#breadcrumb","itemListElement":[{"@type":"ListItem","position":1,"name":"Startseite","item":"https:\/\/www.bmtr24.com\/"},{"@type":"ListItem","position":2,"name":"Vertrieb"}]},{"@type":"WebSite","@id":"https:\/\/www.bmtr24.com\/#website","url":"https:\/\/www.bmtr24.com\/","name":"Biomedizinische Technik Rostock GmbH","description":"Praxis- und Sprechstundenbedarf, Medizintechnik - Service und Vertrieb, Praxisplanung und -Einrichtung","publisher":{"@id":"https:\/\/www.bmtr24.com\/#organization"},"potentialAction":[{"@type":"SearchAction","target":{"@type":"EntryPoint","urlTemplate":"https:\/\/www.bmtr24.com\/?s={search_term_string}"},"query-input":"required name=search_term_string"}],"inLanguage":"en-US"},{"@type":"Organization","@id":"https:\/\/www.bmtr24.com\/#organization","name":"Biomedizinische Technik Rostock GmbH","url":"https:\/\/www.bmtr24.com\/","logo":{"@type":"ImageObject","inLanguage":"en-US","@id":"https:\/\/www.bmtr24.com\/#\/schema\/logo\/image\/","url":"https:\/\/www.bmtr24.com\/wp-content\/uploads\/bmtr24-logo.png","contentUrl":"https:\/\/www.bmtr24.com\/wp-content\/uploads\/bmtr24-logo.png","width":160,"height":58,"caption":"Biomedizinische Technik Rostock GmbH"},"image":{"@id":"https:\/\/www.bmtr24.com\/#\/schema\/logo\/image\/"}}]}},"_links":{"self":[{"href":"https:\/\/www.bmtr24.com\/en\/wp-json\/wp\/v2\/pages\/730"}],"collection":[{"href":"https:\/\/www.bmtr24.com\/en\/wp-json\/wp\/v2\/pages"}],"about":[{"href":"https:\/\/www.bmtr24.com\/en\/wp-json\/wp\/v2\/types\/page"}],"author":[{"embeddable":true,"href":"https:\/\/www.bmtr24.com\/en\/wp-json\/wp\/v2\/users\/1"}],"replies":[{"embeddable":true,"href":"https:\/\/www.bmtr24.com\/en\/wp-json\/wp\/v2\/comments?post=730"}],"version-history":[{"count":14,"href":"https:\/\/www.bmtr24.com\/en\/wp-json\/wp\/v2\/pages\/730\/revisions"}],"predecessor-version":[{"id":805,"href":"https:\/\/www.bmtr24.com\/en\/wp-json\/wp\/v2\/pages\/730\/revisions\/805"}],"wp:attachment":[{"href":"https:\/\/www.bmtr24.com\/en\/wp-json\/wp\/v2\/media?parent=730"}],"curies":[{"name":"wp","href":"https:\/\/api.w.org\/{rel}","templated":true}]}}